{"id":72,"date":"2017-09-12T17:55:47","date_gmt":"2017-09-12T17:55:47","guid":{"rendered":"https:\/\/cesbsantabranca.org.br\/site\/?page_id=72"},"modified":"2018-02-21T20:28:02","modified_gmt":"2018-02-21T20:28:02","slug":"colabore","status":"publish","type":"page","link":"https:\/\/cesbsantabranca.org.br\/site\/colabore\/","title":{"rendered":"Colabore"},"content":{"rendered":"<h2>SEJA NOSSO S\u00d3CIO COLABORADOR!!<\/h2>\n<p>Maiores Informa\u00e7\u00f5es pelo telefone:<\/p>\n<p>(12) 3975-1110<\/p>\n<form action=\"https:\/\/pagseguro.uol.com.br\/checkout\/v2\/donation.html\" method=\"post\"><!-- N\u00c3O EDITE OS COMANDOS DAS LINHAS ABAIXO --><br \/>\n<input name='receiverEmail' type='hidden' value='contato@cesbsantabranca.org.br'><br \/>\n<input name=\"currency\" type=\"hidden\" value=\"BRL\" \/><strong>PagSeguro UOL<\/strong><br \/>\n<input alt=\"Pague com PagSeguro - \u00e9 r\u00e1pido, gr\u00e1tis e seguro!\" name=\"submit\" src=\"https:\/\/stc.pagseguro.uol.com.br\/public\/img\/botoes\/doacoes\/209x48-doar-assina.gif\" type=\"image\" \/><\/form>\n<p><!-- FINAL FORMULARIO BOTAO PAGSEGURO --><strong>Dep\u00f3sito Banc\u00e1rio<\/strong><\/p>\n<p>ASSOCIACAO CRIANCAS ESPECIAIS DE SANTA BRANCA ANTONIO NARVAES &#8211; CESB<\/p>\n<p>SANTANDER SANTA BRANCA \u2013 SP<\/p>\n<p>AG: 0393 \u2013 C\/C: 13 003585-0<\/p>\n<p>CNPJ\u00a005.093.351\/0001-08<\/p>\n<p>E-mail : sscesb@hotmail.com<\/p>\n<p><img loading=\"lazy\" decoding=\"async\" class=\"size-full wp-image-31 aligncenter\" src=\"https:\/\/cesbsantabranca.org.br\/site\/wp-content\/uploads\/2017\/09\/1505147787422.png\" alt=\"\" width=\"232\" height=\"201\" \/><\/p>\n<p>&nbsp;<\/p>\n<p>&nbsp;<\/p>\n<p>&nbsp;<\/p>\n<p>&nbsp;<\/p>\n<p>&nbsp;<\/p>\n<p>&nbsp;<\/p>\n<p>&nbsp;<\/p>\n<p>Mande uma mensagem, d\u00favida ou sugest\u00e3o:<\/p>\n<div class=\"wpforms-container wpforms-container-full\" id=\"wpforms-74\"><form id=\"wpforms-form-74\" class=\"wpforms-validate wpforms-form\" data-formid=\"74\" method=\"post\" enctype=\"multipart\/form-data\" action=\"\/site\/wp-json\/wp\/v2\/pages\/72\" data-token=\"1ba5690d36342c2dda5d8c6c4764a394\" data-token-time=\"1776514763\"><noscript class=\"wpforms-error-noscript\">Ative o JavaScript no seu navegador para preencher este formul\u00e1rio.<\/noscript><div class=\"wpforms-field-container\"><div id=\"wpforms-74-field_0-container\" class=\"wpforms-field wpforms-field-name\" data-field-id=\"0\"><label class=\"wpforms-field-label\" for=\"wpforms-74-field_0\">Nome <span class=\"wpforms-required-label\">*<\/span><\/label><input type=\"text\" id=\"wpforms-74-field_0\" class=\"wpforms-field-medium wpforms-field-required\" name=\"wpforms[fields][0]\" required><\/div><div id=\"wpforms-74-field_1-container\" class=\"wpforms-field wpforms-field-email\" data-field-id=\"1\"><label class=\"wpforms-field-label\" for=\"wpforms-74-field_1\">E-mail <span class=\"wpforms-required-label\">*<\/span><\/label><input type=\"email\" id=\"wpforms-74-field_1\" class=\"wpforms-field-medium wpforms-field-required\" name=\"wpforms[fields][1]\" spellcheck=\"false\" required><\/div><div id=\"wpforms-74-field_2-container\" class=\"wpforms-field wpforms-field-textarea\" data-field-id=\"2\"><label class=\"wpforms-field-label\" for=\"wpforms-74-field_2\">Mensagem <span class=\"wpforms-required-label\">*<\/span><\/label><textarea id=\"wpforms-74-field_2\" class=\"wpforms-field-medium wpforms-field-required\" name=\"wpforms[fields][2]\" required><\/textarea><\/div><\/div><!-- .wpforms-field-container --><div class=\"wpforms-field wpforms-field-hp\"><label for=\"wpforms-74-field-hp\" class=\"wpforms-field-label\">Email<\/label><input type=\"text\" name=\"wpforms[hp]\" id=\"wpforms-74-field-hp\" class=\"wpforms-field-medium\"><\/div><div class=\"wpforms-submit-container\" ><input type=\"hidden\" name=\"wpforms[id]\" value=\"74\"><input type=\"hidden\" name=\"page_title\" value=\"\"><input type=\"hidden\" name=\"page_url\" value=\"https:\/\/cesbsantabranca.org.br\/site\/wp-json\/wp\/v2\/pages\/72\"><input type=\"hidden\" name=\"url_referer\" value=\"\"><button type=\"submit\" name=\"wpforms[submit]\" id=\"wpforms-submit-74\" class=\"wpforms-submit\" data-alt-text=\"Sending...\" data-submit-text=\"Enviar\" aria-live=\"assertive\" value=\"wpforms-submit\">Enviar<\/button><\/div><\/form><\/div>  <!-- .wpforms-container -->\n","protected":false},"excerpt":{"rendered":"<p>SEJA NOSSO S\u00d3CIO COLABORADOR!! Maiores Informa\u00e7\u00f5es pelo telefone: (12) 3975-1110 PagSeguro UOL Dep\u00f3sito Banc\u00e1rio ASSOCIACAO CRIANCAS ESPECIAIS DE SANTA BRANCA ANTONIO NARVAES &#8211; CESB SANTANDER SANTA BRANCA \u2013 SP AG: 0393 \u2013 C\/C: 13 003585-0 CNPJ\u00a005.093.351\/0001-08 E-mail : sscesb@hotmail.com &nbsp; &nbsp; &nbsp; &nbsp; &nbsp; &nbsp; &nbsp; Mande uma mensagem, d\u00favida ou sugest\u00e3o:<\/p>\n","protected":false},"author":1,"featured_media":0,"parent":0,"menu_order":0,"comment_status":"closed","ping_status":"closed","template":"","meta":{"footnotes":""},"class_list":["post-72","page","type-page","status-publish","hentry"],"yoast_head":"<!-- This site is optimized with the Yoast SEO plugin v27.4 - https:\/\/yoast.com\/product\/yoast-seo-wordpress\/ -->\n<title>Colabore - CESB<\/title>\n<meta name=\"robots\" content=\"index, follow, max-snippet:-1, max-image-preview:large, max-video-preview:-1\" \/>\n<link rel=\"canonical\" href=\"https:\/\/cesbsantabranca.org.br\/site\/colabore\/\" \/>\n<meta property=\"og:locale\" content=\"pt_BR\" \/>\n<meta property=\"og:type\" content=\"article\" \/>\n<meta property=\"og:title\" content=\"Colabore - CESB\" \/>\n<meta property=\"og:description\" content=\"SEJA NOSSO S\u00d3CIO COLABORADOR!! Maiores Informa\u00e7\u00f5es pelo telefone: (12) 3975-1110 PagSeguro UOL Dep\u00f3sito Banc\u00e1rio ASSOCIACAO CRIANCAS ESPECIAIS DE SANTA BRANCA ANTONIO NARVAES &#8211; CESB SANTANDER SANTA BRANCA \u2013 SP AG: 0393 \u2013 C\/C: 13 003585-0 CNPJ\u00a005.093.351\/0001-08 E-mail : sscesb@hotmail.com &nbsp; &nbsp; &nbsp; &nbsp; &nbsp; &nbsp; &nbsp; Mande uma mensagem, d\u00favida ou sugest\u00e3o:\" \/>\n<meta property=\"og:url\" content=\"https:\/\/cesbsantabranca.org.br\/site\/colabore\/\" \/>\n<meta property=\"og:site_name\" content=\"CESB\" \/>\n<meta property=\"article:modified_time\" content=\"2018-02-21T20:28:02+00:00\" \/>\n<meta property=\"og:image\" content=\"https:\/\/cesbsantabranca.org.br\/site\/wp-content\/uploads\/2017\/09\/1505147787422.png\" \/>\n<meta name=\"twitter:card\" content=\"summary_large_image\" \/>\n<script type=\"application\/ld+json\" class=\"yoast-schema-graph\">{\"@context\":\"https:\\\/\\\/schema.org\",\"@graph\":[{\"@type\":\"WebPage\",\"@id\":\"https:\\\/\\\/cesbsantabranca.org.br\\\/site\\\/colabore\\\/\",\"url\":\"https:\\\/\\\/cesbsantabranca.org.br\\\/site\\\/colabore\\\/\",\"name\":\"Colabore - CESB\",\"isPartOf\":{\"@id\":\"https:\\\/\\\/cesbsantabranca.org.br\\\/site\\\/#website\"},\"primaryImageOfPage\":{\"@id\":\"https:\\\/\\\/cesbsantabranca.org.br\\\/site\\\/colabore\\\/#primaryimage\"},\"image\":{\"@id\":\"https:\\\/\\\/cesbsantabranca.org.br\\\/site\\\/colabore\\\/#primaryimage\"},\"thumbnailUrl\":\"https:\\\/\\\/cesbsantabranca.org.br\\\/site\\\/wp-content\\\/uploads\\\/2017\\\/09\\\/1505147787422.png\",\"datePublished\":\"2017-09-12T17:55:47+00:00\",\"dateModified\":\"2018-02-21T20:28:02+00:00\",\"breadcrumb\":{\"@id\":\"https:\\\/\\\/cesbsantabranca.org.br\\\/site\\\/colabore\\\/#breadcrumb\"},\"inLanguage\":\"pt-BR\",\"potentialAction\":[{\"@type\":\"ReadAction\",\"target\":[\"https:\\\/\\\/cesbsantabranca.org.br\\\/site\\\/colabore\\\/\"]}]},{\"@type\":\"ImageObject\",\"inLanguage\":\"pt-BR\",\"@id\":\"https:\\\/\\\/cesbsantabranca.org.br\\\/site\\\/colabore\\\/#primaryimage\",\"url\":\"https:\\\/\\\/cesbsantabranca.org.br\\\/site\\\/wp-content\\\/uploads\\\/2017\\\/09\\\/1505147787422.png\",\"contentUrl\":\"https:\\\/\\\/cesbsantabranca.org.br\\\/site\\\/wp-content\\\/uploads\\\/2017\\\/09\\\/1505147787422.png\",\"width\":232,\"height\":201},{\"@type\":\"BreadcrumbList\",\"@id\":\"https:\\\/\\\/cesbsantabranca.org.br\\\/site\\\/colabore\\\/#breadcrumb\",\"itemListElement\":[{\"@type\":\"ListItem\",\"position\":1,\"name\":\"In\u00edcio\",\"item\":\"https:\\\/\\\/cesbsantabranca.org.br\\\/site\\\/\"},{\"@type\":\"ListItem\",\"position\":2,\"name\":\"Colabore\"}]},{\"@type\":\"WebSite\",\"@id\":\"https:\\\/\\\/cesbsantabranca.org.br\\\/site\\\/#website\",\"url\":\"https:\\\/\\\/cesbsantabranca.org.br\\\/site\\\/\",\"name\":\"CESB\",\"description\":\"\",\"publisher\":{\"@id\":\"https:\\\/\\\/cesbsantabranca.org.br\\\/site\\\/#organization\"},\"potentialAction\":[{\"@type\":\"SearchAction\",\"target\":{\"@type\":\"EntryPoint\",\"urlTemplate\":\"https:\\\/\\\/cesbsantabranca.org.br\\\/site\\\/?s={search_term_string}\"},\"query-input\":{\"@type\":\"PropertyValueSpecification\",\"valueRequired\":true,\"valueName\":\"search_term_string\"}}],\"inLanguage\":\"pt-BR\"},{\"@type\":\"Organization\",\"@id\":\"https:\\\/\\\/cesbsantabranca.org.br\\\/site\\\/#organization\",\"name\":\"CESB\",\"url\":\"https:\\\/\\\/cesbsantabranca.org.br\\\/site\\\/\",\"logo\":{\"@type\":\"ImageObject\",\"inLanguage\":\"pt-BR\",\"@id\":\"https:\\\/\\\/cesbsantabranca.org.br\\\/site\\\/#\\\/schema\\\/logo\\\/image\\\/\",\"url\":\"https:\\\/\\\/cesbsantabranca.org.br\\\/site\\\/wp-content\\\/uploads\\\/2018\\\/02\\\/cropped-cropped-Sem-t\u00edtulodasfds-1.png\",\"contentUrl\":\"https:\\\/\\\/cesbsantabranca.org.br\\\/site\\\/wp-content\\\/uploads\\\/2018\\\/02\\\/cropped-cropped-Sem-t\u00edtulodasfds-1.png\",\"width\":290,\"height\":70,\"caption\":\"CESB\"},\"image\":{\"@id\":\"https:\\\/\\\/cesbsantabranca.org.br\\\/site\\\/#\\\/schema\\\/logo\\\/image\\\/\"}}]}<\/script>\n<!-- \/ Yoast SEO plugin. -->","yoast_head_json":{"title":"Colabore - CESB","robots":{"index":"index","follow":"follow","max-snippet":"max-snippet:-1","max-image-preview":"max-image-preview:large","max-video-preview":"max-video-preview:-1"},"canonical":"https:\/\/cesbsantabranca.org.br\/site\/colabore\/","og_locale":"pt_BR","og_type":"article","og_title":"Colabore - CESB","og_description":"SEJA NOSSO S\u00d3CIO COLABORADOR!! Maiores Informa\u00e7\u00f5es pelo telefone: (12) 3975-1110 PagSeguro UOL Dep\u00f3sito Banc\u00e1rio ASSOCIACAO CRIANCAS ESPECIAIS DE SANTA BRANCA ANTONIO NARVAES &#8211; CESB SANTANDER SANTA BRANCA \u2013 SP AG: 0393 \u2013 C\/C: 13 003585-0 CNPJ\u00a005.093.351\/0001-08 E-mail : sscesb@hotmail.com &nbsp; &nbsp; &nbsp; &nbsp; &nbsp; &nbsp; &nbsp; Mande uma mensagem, d\u00favida ou sugest\u00e3o:","og_url":"https:\/\/cesbsantabranca.org.br\/site\/colabore\/","og_site_name":"CESB","article_modified_time":"2018-02-21T20:28:02+00:00","og_image":[{"url":"https:\/\/cesbsantabranca.org.br\/site\/wp-content\/uploads\/2017\/09\/1505147787422.png","type":"","width":"","height":""}],"twitter_card":"summary_large_image","schema":{"@context":"https:\/\/schema.org","@graph":[{"@type":"WebPage","@id":"https:\/\/cesbsantabranca.org.br\/site\/colabore\/","url":"https:\/\/cesbsantabranca.org.br\/site\/colabore\/","name":"Colabore - CESB","isPartOf":{"@id":"https:\/\/cesbsantabranca.org.br\/site\/#website"},"primaryImageOfPage":{"@id":"https:\/\/cesbsantabranca.org.br\/site\/colabore\/#primaryimage"},"image":{"@id":"https:\/\/cesbsantabranca.org.br\/site\/colabore\/#primaryimage"},"thumbnailUrl":"https:\/\/cesbsantabranca.org.br\/site\/wp-content\/uploads\/2017\/09\/1505147787422.png","datePublished":"2017-09-12T17:55:47+00:00","dateModified":"2018-02-21T20:28:02+00:00","breadcrumb":{"@id":"https:\/\/cesbsantabranca.org.br\/site\/colabore\/#breadcrumb"},"inLanguage":"pt-BR","potentialAction":[{"@type":"ReadAction","target":["https:\/\/cesbsantabranca.org.br\/site\/colabore\/"]}]},{"@type":"ImageObject","inLanguage":"pt-BR","@id":"https:\/\/cesbsantabranca.org.br\/site\/colabore\/#primaryimage","url":"https:\/\/cesbsantabranca.org.br\/site\/wp-content\/uploads\/2017\/09\/1505147787422.png","contentUrl":"https:\/\/cesbsantabranca.org.br\/site\/wp-content\/uploads\/2017\/09\/1505147787422.png","width":232,"height":201},{"@type":"BreadcrumbList","@id":"https:\/\/cesbsantabranca.org.br\/site\/colabore\/#breadcrumb","itemListElement":[{"@type":"ListItem","position":1,"name":"In\u00edcio","item":"https:\/\/cesbsantabranca.org.br\/site\/"},{"@type":"ListItem","position":2,"name":"Colabore"}]},{"@type":"WebSite","@id":"https:\/\/cesbsantabranca.org.br\/site\/#website","url":"https:\/\/cesbsantabranca.org.br\/site\/","name":"CESB","description":"","publisher":{"@id":"https:\/\/cesbsantabranca.org.br\/site\/#organization"},"potentialAction":[{"@type":"SearchAction","target":{"@type":"EntryPoint","urlTemplate":"https:\/\/cesbsantabranca.org.br\/site\/?s={search_term_string}"},"query-input":{"@type":"PropertyValueSpecification","valueRequired":true,"valueName":"search_term_string"}}],"inLanguage":"pt-BR"},{"@type":"Organization","@id":"https:\/\/cesbsantabranca.org.br\/site\/#organization","name":"CESB","url":"https:\/\/cesbsantabranca.org.br\/site\/","logo":{"@type":"ImageObject","inLanguage":"pt-BR","@id":"https:\/\/cesbsantabranca.org.br\/site\/#\/schema\/logo\/image\/","url":"https:\/\/cesbsantabranca.org.br\/site\/wp-content\/uploads\/2018\/02\/cropped-cropped-Sem-t\u00edtulodasfds-1.png","contentUrl":"https:\/\/cesbsantabranca.org.br\/site\/wp-content\/uploads\/2018\/02\/cropped-cropped-Sem-t\u00edtulodasfds-1.png","width":290,"height":70,"caption":"CESB"},"image":{"@id":"https:\/\/cesbsantabranca.org.br\/site\/#\/schema\/logo\/image\/"}}]}},"_links":{"self":[{"href":"https:\/\/cesbsantabranca.org.br\/site\/wp-json\/wp\/v2\/pages\/72","targetHints":{"allow":["GET"]}}],"collection":[{"href":"https:\/\/cesbsantabranca.org.br\/site\/wp-json\/wp\/v2\/pages"}],"about":[{"href":"https:\/\/cesbsantabranca.org.br\/site\/wp-json\/wp\/v2\/types\/page"}],"author":[{"embeddable":true,"href":"https:\/\/cesbsantabranca.org.br\/site\/wp-json\/wp\/v2\/users\/1"}],"replies":[{"embeddable":true,"href":"https:\/\/cesbsantabranca.org.br\/site\/wp-json\/wp\/v2\/comments?post=72"}],"version-history":[{"count":11,"href":"https:\/\/cesbsantabranca.org.br\/site\/wp-json\/wp\/v2\/pages\/72\/revisions"}],"predecessor-version":[{"id":155,"href":"https:\/\/cesbsantabranca.org.br\/site\/wp-json\/wp\/v2\/pages\/72\/revisions\/155"}],"wp:attachment":[{"href":"https:\/\/cesbsantabranca.org.br\/site\/wp-json\/wp\/v2\/media?parent=72"}],"curies":[{"name":"wp","href":"https:\/\/api.w.org\/{rel}","templated":true}]}}