{"id":38,"date":"2017-09-11T17:51:52","date_gmt":"2017-09-11T17:51:52","guid":{"rendered":"https:\/\/cesbsantabranca.org.br\/site\/?page_id=38"},"modified":"2017-09-11T17:52:58","modified_gmt":"2017-09-11T17:52:58","slug":"sobre-a-cesb","status":"publish","type":"page","link":"https:\/\/cesbsantabranca.org.br\/site\/sobre-a-cesb\/","title":{"rendered":"Sobre a CESB"},"content":{"rendered":"<h2><strong>A Associa\u00e7\u00e3o Crian\u00e7as Especiais de Santa Branca Antonio Narvaes\u00a0<\/strong><\/h2>\n<p><img loading=\"lazy\" decoding=\"async\" class=\"size-full wp-image-32 alignright\" src=\"https:\/\/cesbsantabranca.org.br\/site\/wp-content\/uploads\/2017\/09\/cropped-1505147787422.png\" alt=\"\" width=\"232\" height=\"201\" \/><\/p>\n<p>CESB, foi fundada em 16 de fevereiro de 2002 por um grupo de pais e amigos para oferecer atend<span class=\"text_exposed_show\">imento Cl\u00ednico e Educacional \u00e0s pessoas com defici\u00eancias neurol\u00f3gicas cong\u00eanitas. \u00c9 a \u00fanica no munic\u00edpio que oferece este atendimento independente da faixa et\u00e1ria, sendo uma entidade civil sem fins lucrativos. Atualmente atende 44 pessoas com defici\u00eancias contando com uma equipe multidisciplinar: servi\u00e7o social, psicologia, psicopedagogia, fonoaudiologia, odontologia, fisioterapia e terapia ocupacional. Contamos com uma subven\u00e7\u00e3o da Prefeitura Municipal para remunera\u00e7\u00e3o dos profissionais, contribui\u00e7\u00e3o de colaboradores e eventos sociais para manuten\u00e7\u00e3o de despesas. A Institui\u00e7\u00e3o n\u00e3o possui sede pr\u00f3pria e no momento funciona em pr\u00e9dio locado. Entretanto, aos dezenove dias do m\u00eas de Mar\u00e7o de 2007 foi doado um terreno situado \u00e0 Rua Capit\u00e3o C\u00e2ndido de Siqueira Porto n\u00ba 287, pelo Sr. Antonio Narvaes Filho, com o objetivo de que seja constru\u00edda uma sede pr\u00f3pria da institui\u00e7\u00e3o neste local com toda infra-estrutura necess\u00e1ria para um atendimento qualificado \u00e0 pessoa com defici\u00eancia.<\/span><\/p>\n<p>III \u2013 OBJETIVO GERAL:<br \/>\nPromover atividades de natureza cl\u00ednica, terap\u00eautica e assistencial, bem como apoio pedag\u00f3gico especializado, visando \u00e0 habilita\u00e7\u00e3o e reabilita\u00e7\u00e3o da pessoa com defici\u00eancia, contribuindo para o seu desenvolvimento integral, proporcionando assim a melhoria das condi\u00e7\u00f5es de vida da Pessoa com Defici\u00eancia, colaborando para a sua integra\u00e7\u00e3o comunit\u00e1ria e familiar.<\/p>\n<p>IV \u2013 OBJETIVOS ESPEC\u00cdFICOS:<br \/>\nProporcionar habilita\u00e7\u00e3o, reabilita\u00e7\u00e3o e apoio pedag\u00f3gico especializado;<br \/>\nEstimular as habilidades atrav\u00e9s de oficinas artesanais;<br \/>\nAmpliar campanhas e eventos junto \u00e0 comunidade visando arrecada\u00e7\u00e3o de fundos para manuten\u00e7\u00e3o da Institui\u00e7\u00e3o e constru\u00e7\u00e3o de sua sede pr\u00f3pria;<br \/>\nOrientar e oferecer assist\u00eancia social \u00e0s fam\u00edlias das Pessoas com Defici\u00eancias, promovendo a aceita\u00e7\u00e3o e supera\u00e7\u00e3o das dificuldades encontradas no decorrer do seu desenvolvimento.<\/p>\n","protected":false},"excerpt":{"rendered":"<p>A Associa\u00e7\u00e3o Crian\u00e7as Especiais de Santa Branca Antonio Narvaes\u00a0 CESB, foi fundada em 16 de fevereiro de 2002 por um grupo de pais e amigos para oferecer atendimento Cl\u00ednico e Educacional \u00e0s pessoas com defici\u00eancias neurol\u00f3gicas cong\u00eanitas. \u00c9 a \u00fanica no munic\u00edpio que oferece este atendimento independente da faixa et\u00e1ria, sendo uma entidade civil sem&hellip;<\/p>\n","protected":false},"author":1,"featured_media":0,"parent":0,"menu_order":0,"comment_status":"closed","ping_status":"closed","template":"","meta":{"footnotes":""},"class_list":["post-38","page","type-page","status-publish","hentry"],"yoast_head":"<!-- This site is optimized with the Yoast SEO plugin v27.4 - https:\/\/yoast.com\/product\/yoast-seo-wordpress\/ -->\n<title>Sobre a CESB - CESB<\/title>\n<meta name=\"robots\" content=\"index, follow, max-snippet:-1, max-image-preview:large, max-video-preview:-1\" \/>\n<link rel=\"canonical\" href=\"https:\/\/cesbsantabranca.org.br\/site\/sobre-a-cesb\/\" \/>\n<meta property=\"og:locale\" content=\"pt_BR\" \/>\n<meta property=\"og:type\" content=\"article\" \/>\n<meta property=\"og:title\" content=\"Sobre a CESB - CESB\" \/>\n<meta property=\"og:description\" content=\"A Associa\u00e7\u00e3o Crian\u00e7as Especiais de Santa Branca Antonio Narvaes\u00a0 CESB, foi fundada em 16 de fevereiro de 2002 por um grupo de pais e amigos para oferecer atendimento Cl\u00ednico e Educacional \u00e0s pessoas com defici\u00eancias neurol\u00f3gicas cong\u00eanitas. \u00c9 a \u00fanica no munic\u00edpio que oferece este atendimento independente da faixa et\u00e1ria, sendo uma entidade civil sem&hellip;\" \/>\n<meta property=\"og:url\" content=\"https:\/\/cesbsantabranca.org.br\/site\/sobre-a-cesb\/\" \/>\n<meta property=\"og:site_name\" content=\"CESB\" \/>\n<meta property=\"article:modified_time\" content=\"2017-09-11T17:52:58+00:00\" \/>\n<meta property=\"og:image\" content=\"https:\/\/cesbsantabranca.org.br\/site\/wp-content\/uploads\/2017\/09\/cropped-1505147787422.png\" \/>\n<meta name=\"twitter:card\" content=\"summary_large_image\" \/>\n<meta name=\"twitter:label1\" content=\"Est. tempo de leitura\" \/>\n\t<meta name=\"twitter:data1\" content=\"2 minutos\" \/>\n<script type=\"application\/ld+json\" class=\"yoast-schema-graph\">{\"@context\":\"https:\\\/\\\/schema.org\",\"@graph\":[{\"@type\":\"WebPage\",\"@id\":\"https:\\\/\\\/cesbsantabranca.org.br\\\/site\\\/sobre-a-cesb\\\/\",\"url\":\"https:\\\/\\\/cesbsantabranca.org.br\\\/site\\\/sobre-a-cesb\\\/\",\"name\":\"Sobre a CESB - CESB\",\"isPartOf\":{\"@id\":\"https:\\\/\\\/cesbsantabranca.org.br\\\/site\\\/#website\"},\"primaryImageOfPage\":{\"@id\":\"https:\\\/\\\/cesbsantabranca.org.br\\\/site\\\/sobre-a-cesb\\\/#primaryimage\"},\"image\":{\"@id\":\"https:\\\/\\\/cesbsantabranca.org.br\\\/site\\\/sobre-a-cesb\\\/#primaryimage\"},\"thumbnailUrl\":\"https:\\\/\\\/cesbsantabranca.org.br\\\/site\\\/wp-content\\\/uploads\\\/2017\\\/09\\\/cropped-1505147787422.png\",\"datePublished\":\"2017-09-11T17:51:52+00:00\",\"dateModified\":\"2017-09-11T17:52:58+00:00\",\"breadcrumb\":{\"@id\":\"https:\\\/\\\/cesbsantabranca.org.br\\\/site\\\/sobre-a-cesb\\\/#breadcrumb\"},\"inLanguage\":\"pt-BR\",\"potentialAction\":[{\"@type\":\"ReadAction\",\"target\":[\"https:\\\/\\\/cesbsantabranca.org.br\\\/site\\\/sobre-a-cesb\\\/\"]}]},{\"@type\":\"ImageObject\",\"inLanguage\":\"pt-BR\",\"@id\":\"https:\\\/\\\/cesbsantabranca.org.br\\\/site\\\/sobre-a-cesb\\\/#primaryimage\",\"url\":\"https:\\\/\\\/cesbsantabranca.org.br\\\/site\\\/wp-content\\\/uploads\\\/2017\\\/09\\\/cropped-1505147787422.png\",\"contentUrl\":\"https:\\\/\\\/cesbsantabranca.org.br\\\/site\\\/wp-content\\\/uploads\\\/2017\\\/09\\\/cropped-1505147787422.png\",\"width\":232,\"height\":201},{\"@type\":\"BreadcrumbList\",\"@id\":\"https:\\\/\\\/cesbsantabranca.org.br\\\/site\\\/sobre-a-cesb\\\/#breadcrumb\",\"itemListElement\":[{\"@type\":\"ListItem\",\"position\":1,\"name\":\"In\u00edcio\",\"item\":\"https:\\\/\\\/cesbsantabranca.org.br\\\/site\\\/\"},{\"@type\":\"ListItem\",\"position\":2,\"name\":\"Sobre a CESB\"}]},{\"@type\":\"WebSite\",\"@id\":\"https:\\\/\\\/cesbsantabranca.org.br\\\/site\\\/#website\",\"url\":\"https:\\\/\\\/cesbsantabranca.org.br\\\/site\\\/\",\"name\":\"CESB\",\"description\":\"\",\"publisher\":{\"@id\":\"https:\\\/\\\/cesbsantabranca.org.br\\\/site\\\/#organization\"},\"potentialAction\":[{\"@type\":\"SearchAction\",\"target\":{\"@type\":\"EntryPoint\",\"urlTemplate\":\"https:\\\/\\\/cesbsantabranca.org.br\\\/site\\\/?s={search_term_string}\"},\"query-input\":{\"@type\":\"PropertyValueSpecification\",\"valueRequired\":true,\"valueName\":\"search_term_string\"}}],\"inLanguage\":\"pt-BR\"},{\"@type\":\"Organization\",\"@id\":\"https:\\\/\\\/cesbsantabranca.org.br\\\/site\\\/#organization\",\"name\":\"CESB\",\"url\":\"https:\\\/\\\/cesbsantabranca.org.br\\\/site\\\/\",\"logo\":{\"@type\":\"ImageObject\",\"inLanguage\":\"pt-BR\",\"@id\":\"https:\\\/\\\/cesbsantabranca.org.br\\\/site\\\/#\\\/schema\\\/logo\\\/image\\\/\",\"url\":\"https:\\\/\\\/cesbsantabranca.org.br\\\/site\\\/wp-content\\\/uploads\\\/2018\\\/02\\\/cropped-cropped-Sem-t\u00edtulodasfds-1.png\",\"contentUrl\":\"https:\\\/\\\/cesbsantabranca.org.br\\\/site\\\/wp-content\\\/uploads\\\/2018\\\/02\\\/cropped-cropped-Sem-t\u00edtulodasfds-1.png\",\"width\":290,\"height\":70,\"caption\":\"CESB\"},\"image\":{\"@id\":\"https:\\\/\\\/cesbsantabranca.org.br\\\/site\\\/#\\\/schema\\\/logo\\\/image\\\/\"}}]}<\/script>\n<!-- \/ Yoast SEO plugin. -->","yoast_head_json":{"title":"Sobre a CESB - CESB","robots":{"index":"index","follow":"follow","max-snippet":"max-snippet:-1","max-image-preview":"max-image-preview:large","max-video-preview":"max-video-preview:-1"},"canonical":"https:\/\/cesbsantabranca.org.br\/site\/sobre-a-cesb\/","og_locale":"pt_BR","og_type":"article","og_title":"Sobre a CESB - CESB","og_description":"A Associa\u00e7\u00e3o Crian\u00e7as Especiais de Santa Branca Antonio Narvaes\u00a0 CESB, foi fundada em 16 de fevereiro de 2002 por um grupo de pais e amigos para oferecer atendimento Cl\u00ednico e Educacional \u00e0s pessoas com defici\u00eancias neurol\u00f3gicas cong\u00eanitas. \u00c9 a \u00fanica no munic\u00edpio que oferece este atendimento independente da faixa et\u00e1ria, sendo uma entidade civil sem&hellip;","og_url":"https:\/\/cesbsantabranca.org.br\/site\/sobre-a-cesb\/","og_site_name":"CESB","article_modified_time":"2017-09-11T17:52:58+00:00","og_image":[{"url":"https:\/\/cesbsantabranca.org.br\/site\/wp-content\/uploads\/2017\/09\/cropped-1505147787422.png","type":"","width":"","height":""}],"twitter_card":"summary_large_image","twitter_misc":{"Est. tempo de leitura":"2 minutos"},"schema":{"@context":"https:\/\/schema.org","@graph":[{"@type":"WebPage","@id":"https:\/\/cesbsantabranca.org.br\/site\/sobre-a-cesb\/","url":"https:\/\/cesbsantabranca.org.br\/site\/sobre-a-cesb\/","name":"Sobre a CESB - CESB","isPartOf":{"@id":"https:\/\/cesbsantabranca.org.br\/site\/#website"},"primaryImageOfPage":{"@id":"https:\/\/cesbsantabranca.org.br\/site\/sobre-a-cesb\/#primaryimage"},"image":{"@id":"https:\/\/cesbsantabranca.org.br\/site\/sobre-a-cesb\/#primaryimage"},"thumbnailUrl":"https:\/\/cesbsantabranca.org.br\/site\/wp-content\/uploads\/2017\/09\/cropped-1505147787422.png","datePublished":"2017-09-11T17:51:52+00:00","dateModified":"2017-09-11T17:52:58+00:00","breadcrumb":{"@id":"https:\/\/cesbsantabranca.org.br\/site\/sobre-a-cesb\/#breadcrumb"},"inLanguage":"pt-BR","potentialAction":[{"@type":"ReadAction","target":["https:\/\/cesbsantabranca.org.br\/site\/sobre-a-cesb\/"]}]},{"@type":"ImageObject","inLanguage":"pt-BR","@id":"https:\/\/cesbsantabranca.org.br\/site\/sobre-a-cesb\/#primaryimage","url":"https:\/\/cesbsantabranca.org.br\/site\/wp-content\/uploads\/2017\/09\/cropped-1505147787422.png","contentUrl":"https:\/\/cesbsantabranca.org.br\/site\/wp-content\/uploads\/2017\/09\/cropped-1505147787422.png","width":232,"height":201},{"@type":"BreadcrumbList","@id":"https:\/\/cesbsantabranca.org.br\/site\/sobre-a-cesb\/#breadcrumb","itemListElement":[{"@type":"ListItem","position":1,"name":"In\u00edcio","item":"https:\/\/cesbsantabranca.org.br\/site\/"},{"@type":"ListItem","position":2,"name":"Sobre a CESB"}]},{"@type":"WebSite","@id":"https:\/\/cesbsantabranca.org.br\/site\/#website","url":"https:\/\/cesbsantabranca.org.br\/site\/","name":"CESB","description":"","publisher":{"@id":"https:\/\/cesbsantabranca.org.br\/site\/#organization"},"potentialAction":[{"@type":"SearchAction","target":{"@type":"EntryPoint","urlTemplate":"https:\/\/cesbsantabranca.org.br\/site\/?s={search_term_string}"},"query-input":{"@type":"PropertyValueSpecification","valueRequired":true,"valueName":"search_term_string"}}],"inLanguage":"pt-BR"},{"@type":"Organization","@id":"https:\/\/cesbsantabranca.org.br\/site\/#organization","name":"CESB","url":"https:\/\/cesbsantabranca.org.br\/site\/","logo":{"@type":"ImageObject","inLanguage":"pt-BR","@id":"https:\/\/cesbsantabranca.org.br\/site\/#\/schema\/logo\/image\/","url":"https:\/\/cesbsantabranca.org.br\/site\/wp-content\/uploads\/2018\/02\/cropped-cropped-Sem-t\u00edtulodasfds-1.png","contentUrl":"https:\/\/cesbsantabranca.org.br\/site\/wp-content\/uploads\/2018\/02\/cropped-cropped-Sem-t\u00edtulodasfds-1.png","width":290,"height":70,"caption":"CESB"},"image":{"@id":"https:\/\/cesbsantabranca.org.br\/site\/#\/schema\/logo\/image\/"}}]}},"_links":{"self":[{"href":"https:\/\/cesbsantabranca.org.br\/site\/wp-json\/wp\/v2\/pages\/38","targetHints":{"allow":["GET"]}}],"collection":[{"href":"https:\/\/cesbsantabranca.org.br\/site\/wp-json\/wp\/v2\/pages"}],"about":[{"href":"https:\/\/cesbsantabranca.org.br\/site\/wp-json\/wp\/v2\/types\/page"}],"author":[{"embeddable":true,"href":"https:\/\/cesbsantabranca.org.br\/site\/wp-json\/wp\/v2\/users\/1"}],"replies":[{"embeddable":true,"href":"https:\/\/cesbsantabranca.org.br\/site\/wp-json\/wp\/v2\/comments?post=38"}],"version-history":[{"count":3,"href":"https:\/\/cesbsantabranca.org.br\/site\/wp-json\/wp\/v2\/pages\/38\/revisions"}],"predecessor-version":[{"id":41,"href":"https:\/\/cesbsantabranca.org.br\/site\/wp-json\/wp\/v2\/pages\/38\/revisions\/41"}],"wp:attachment":[{"href":"https:\/\/cesbsantabranca.org.br\/site\/wp-json\/wp\/v2\/media?parent=38"}],"curies":[{"name":"wp","href":"https:\/\/api.w.org\/{rel}","templated":true}]}}